{"id":40,"date":"2024-07-31T13:44:19","date_gmt":"2024-07-31T10:44:19","guid":{"rendered":"https:\/\/www.jonhaataja.com\/teetaika\/?page_id=40"},"modified":"2024-09-01T19:06:12","modified_gmt":"2024-09-01T16:06:12","slug":"home","status":"publish","type":"page","link":"https:\/\/www.jonhaataja.com\/teetaika\/","title":{"rendered":"Koti"},"content":{"rendered":"\n<section class=\"wp-block-uagb-container uagb-block-8269378f alignfull uagb-is-root-container\"><div class=\"uagb-container-inner-blocks-wrap\">\n<div class=\"wp-block-uagb-container uag-blocks-common-selector uagb-block-be075fce\">\n<div class=\"wp-block-uagb-container uag-blocks-common-selector uagb-block-44d5a1e9\">\n<h1 class=\"wp-block-heading\">Koe taianomaisia teehetki\u00e4<\/h1>\n\n\n\n<p>Tutustu laadukkaisiin, vastuullisesti tuotettuihin teesekoituksiin, jotka ovat valmistettu rakkaudella ja asiantuntemuksella. Olitpa intohimoinen teenyst\u00e4v\u00e4 tai vasta-alkaja, meill\u00e4 on tarjota sinulle unohtumattomia makuel\u00e4myksi\u00e4, jotka rikastuttavat niin arkea kuin juhlaa.<\/p>\n\n\n\n<div class=\"wp-block-buttons z-index-100 is-layout-flex wp-block-buttons-is-layout-flex\">\n<div class=\"wp-block-button\"><a class=\"wp-block-button__link wp-element-button\" href=\"https:\/\/www.jonhaataja.com\/teetaika\/tuotteet\/\" rel=\"\">Tutustu tuotteisiimme<\/a><\/div>\n<\/div>\n<\/div>\n<\/div>\n\n\n\n<div class=\"wp-block-uagb-container uag-blocks-common-selector uagb-block-58c22276\">\n<div class=\"wp-block-uagb-container uagb-block-b75812b9\"><\/div>\n<\/div>\n<\/div><\/section>\n\n\n\n<section class=\"wp-block-uagb-container uagb-block-a9619895 alignfull uagb-is-root-container\"><div class=\"uagb-container__shape uagb-container__shape-top\"><svg xmlns=\"https:\/\/www.w3.org\/2000\/svg\" viewBox=\"0 0 1000 100\" preserveAspectRatio=\"none\"><path class=\"uagb-container__shape-fill\" d=\"M421.9,6.5c22.6-2.5,51.5,0.4,75.5,5.3c23.6,4.9,70.9,23.5,100.5,35.7c75.8,32.2,133.7,44.5,192.6,49.7  c23.6,2.1,48.7,3.5,103.4-2.5c54.7-6,106.2-25.6,106.2-25.6V0H0v30.3c0,0,72,32.6,158.4,30.5c39.2-0.7,92.8-6.7,134-22.4  c21.2-8.1,52.2-18.2,79.7-24.2C399.3,7.9,411.6,7.5,421.9,6.5z\"><\/path><\/svg><\/div><div class=\"uagb-container__shape uagb-container__shape-bottom uagb-container__invert\" data-negative=\"false\"><svg xmlns=\"https:\/\/www.w3.org\/2000\/svg\" viewBox=\"0 0 1000 100\" preserveAspectRatio=\"none\"><path class=\"uagb-container__shape-fill\" d=\"M421.9,6.5c22.6-2.5,51.5,0.4,75.5,5.3c23.6,4.9,70.9,23.5,100.5,35.7c75.8,32.2,133.7,44.5,192.6,49.7  c23.6,2.1,48.7,3.5,103.4-2.5c54.7-6,106.2-25.6,106.2-25.6V0H0v30.3c0,0,72,32.6,158.4,30.5c39.2-0.7,92.8-6.7,134-22.4  c21.2-8.1,52.2-18.2,79.7-24.2C399.3,7.9,411.6,7.5,421.9,6.5z\"><\/path><\/svg><\/div><div class=\"uagb-container-inner-blocks-wrap\">\n<div class=\"wp-block-uagb-container uagb-block-e4e45deb alignfull uagb-is-root-container\"><div class=\"uagb-container-inner-blocks-wrap\">\n<h2 class=\"wp-block-heading has-text-align-center\">Teetaikaa jo vuodesta 2009<\/h2>\n<\/div><\/div>\n\n\n\n<div class=\"wp-block-uagb-container uagb-block-df14caf3 alignfull uagb-is-root-container\"><div class=\"uagb-container-inner-blocks-wrap\">\n<div class=\"wp-block-uagb-container uagb-block-a762819a\">\n<div class=\"wp-block-uagb-info-box uagb-block-27d4afa4 uagb-infobox__content-wrap  uagb-infobox-icon-above-title uagb-infobox-image-valign-top\"><div class=\"uagb-ifb-content\"><div class=\"uagb-ifb-icon-wrap\"><svg xmlns=\"https:\/\/www.w3.org\/2000\/svg\" viewBox=\"0 0 512 512\"><path d=\"M512 165.4c0 127.9-70.05 235.3-175.3 270.1c-20.04 7.938-41.83 12.46-64.69 12.46c-64.9 0-125.2-36.51-155.7-94.47c-54.13 49.93-68.71 107-68.96 108.1C44.72 472.6 34.87 480 24.02 480c-1.844 0-3.727-.2187-5.602-.6562c-12.89-3.098-20.84-16.08-17.75-28.96c9.598-39.5 90.47-226.4 335.3-226.4C344.8 224 352 216.8 352 208S344.8 192 336 192C228.6 192 151 226.6 96.29 267.6c.1934-10.82 1.242-21.84 3.535-33.05c13.47-65.81 66.04-119 131.4-134.2c28.33-6.562 55.68-6.013 80.93-.0054c56 13.32 118.2-7.412 149.3-61.24c5.664-9.828 20.02-9.516 24.66 .8282C502.7 76.76 512 121.9 512 165.4z\"><\/path><\/svg><\/div><div class=\"uagb-ifb-title-wrap\"><h3 class=\"uagb-ifb-title\">Vastuullisesti tuotettua teet\u00e4<\/h3><\/div><div class=\"uagb-ifb-desc\">\n<p style=\"font-size:0.9rem\">Ymp\u00e4rist\u00f6mme ja viljelij\u00f6idemme hyvinvointi on meille ensiarvoisen t\u00e4rke\u00e4\u00e4. Siksi valitsemme vain eettisesti ja ekologisesti viljeltyj\u00e4 teelaatuja, jotka tuovat kupilliseesi puhtaan ja luonnollisen maun.<\/p>\n<\/div><\/div><\/div>\n<\/div>\n\n\n\n<div class=\"wp-block-uagb-container uagb-block-31dcb8b2\">\n<div class=\"wp-block-uagb-info-box uagb-block-31a5b477 uagb-infobox__content-wrap  uagb-infobox-icon-above-title uagb-infobox-image-valign-top\"><div class=\"uagb-ifb-content\"><div class=\"uagb-ifb-icon-wrap\"><svg xmlns=\"https:\/\/www.w3.org\/2000\/svg\" viewBox=\"0 0 384 512\"><path d=\"M168.3 499.2C116.1 435 0 279.4 0 192C0 85.96 85.96 0 192 0C298 0 384 85.96 384 192C384 279.4 267 435 215.7 499.2C203.4 514.5 180.6 514.5 168.3 499.2H168.3zM192 256C227.3 256 256 227.3 256 192C256 156.7 227.3 128 192 128C156.7 128 128 156.7 128 192C128 227.3 156.7 256 192 256z\"><\/path><\/svg><\/div><div class=\"uagb-ifb-title-wrap\"><h3 class=\"uagb-ifb-title\">Suomessa koostettuja teesekoituksia<\/h3><\/div><div class=\"uagb-ifb-desc\">\n<p style=\"font-size:0.9rem\">K\u00e4sinvalikoidut raaka-aineet ja perinteinen suomalainen k\u00e4sity\u00f6taito yhdistyv\u00e4t jokaisessa sekoituksessamme. Luomme ainutlaatuisia makuel\u00e4myksi\u00e4, jotka kunnioittavat niin teeperinnett\u00e4 kuin modernia makumaailmaa.<\/p>\n<\/div><\/div><\/div>\n<\/div>\n\n\n\n<div class=\"wp-block-uagb-container uagb-block-a054ffe6\">\n<div class=\"wp-block-uagb-info-box uagb-block-e95988df uagb-infobox__content-wrap  uagb-infobox-icon-above-title uagb-infobox-image-valign-top\"><div class=\"uagb-ifb-content\"><div class=\"uagb-ifb-icon-wrap\"><svg xmlns=\"https:\/\/www.w3.org\/2000\/svg\" viewBox=\"0 0 512 512\"><path d=\"M0 190.9V185.1C0 115.2 50.52 55.58 119.4 44.1C164.1 36.51 211.4 51.37 244 84.02L256 96L267.1 84.02C300.6 51.37 347 36.51 392.6 44.1C461.5 55.58 512 115.2 512 185.1V190.9C512 232.4 494.8 272.1 464.4 300.4L283.7 469.1C276.2 476.1 266.3 480 256 480C245.7 480 235.8 476.1 228.3 469.1L47.59 300.4C17.23 272.1 .0003 232.4 .0003 190.9L0 190.9z\"><\/path><\/svg><\/div><div class=\"uagb-ifb-title-wrap\"><h3 class=\"uagb-ifb-title\">Rakkaudesta teekulttuuriin<\/h3><\/div><p class=\"uagb-ifb-desc\">Tee on meille enemm\u00e4n kuin juoma \u2013 se on el\u00e4m\u00e4ntapa. Inspiroidumme teekulttuurin rikkaudesta ja haluamme jakaa t\u00e4m\u00e4n intohimon kanssasi, kupillinen kerrallaan. Astu kanssamme teematkalle, joka rikastuttaa arkeasi ja juhlahetki\u00e4si.<\/p><\/div><\/div>\n<\/div>\n<\/div><\/div>\n<\/div><\/section>\n\n\n\n<div style=\"height:5em\" aria-hidden=\"true\" class=\"wp-block-spacer\"><\/div>\n\n\n\n<section class=\"wp-block-uagb-container uagb-block-f0f6a316 alignfull uagb-is-root-container\"><div class=\"uagb-container-inner-blocks-wrap\">\n<div class=\"wp-block-uagb-container uagb-block-6d5786d7\">\n<div class=\"wp-block-uagb-info-box uagb-block-49fe1924 uagb-infobox__content-wrap  uagb-infobox-icon-above-title uagb-infobox-image-valign-top wp-block-uagb-info-box--has-margin\"><div class=\"uagb-infobox-margin-wrapper\"><div class=\"uagb-ifb-content\"><div class=\"uagb-ifb-title-wrap\"><h2 class=\"uagb-ifb-title\">Tutustu teevalikoimaamme<\/h2><\/div><div class=\"uagb-ifb-desc\">\n<p class=\"has-text-align-center\">L\u00f6yd\u00e4 t\u00e4ydellinen teesi laajasta valikoimastamme, joka sis\u00e4lt\u00e4\u00e4 huolella valittuja ja korkealaatuisia teesekoituksia jokaiseen makuun.<\/p>\n<\/div><\/div><\/div><\/div>\n<\/div>\n\n\n\n<div class=\"wp-block-uagb-container uagb-block-8067449f\">\n<div class=\"wp-block-uagb-container uagb-layout-flex uagb-block-0815d2b9\">\n<div class=\"wp-block-uagb-container uagb-block-7cac0b6b\">\n<div class=\"wp-block-uagb-info-box uagb-block-f8fb89ae uagb-infobox__content-wrap  uagb-infobox_cta-type-all uagb-infobox-icon-above-title uagb-infobox-image-valign-top wp-block-uagb-info-box--has-margin\"><div class=\"uagb-infobox-margin-wrapper\"><a href=\"https:\/\/www.jonhaataja.com\/teetaika\/tuote\/vaniljainen-mustatee\/\" class=\"uagb-infobox-link-wrap uagb-infbox__link-to-all\" target=\"_self\" aria-label=\"Infobox Link\" rel=\"noopener noreferrer\" onclick=\"return true;\"><\/a><div class=\"uagb-ifb-content\"><div class=\"uagb-ifb-image-content\"><img decoding=\"async\" src=\"https:\/\/www.jonhaataja.com\/teetaika\/wp-content\/uploads\/sites\/3\/2024\/07\/black-tea-150x150.jpg\" alt=\"\" width=\"\" height=\"0\" loading=\"lazy\"\/><\/div><div class=\"uagb-ifb-title-wrap\"><h3 class=\"uagb-ifb-title\">Vaniljainen musta tee<\/h3><\/div><div class=\"uagb-ifb-button-wrapper wp-block-button\"><\/div><\/div><\/div><\/div>\n<\/div>\n\n\n\n<div class=\"wp-block-uagb-container uagb-block-1485b681\">\n<div class=\"wp-block-uagb-info-box uagb-block-f5d2016e uagb-infobox__content-wrap  uagb-infobox_cta-type-all uagb-infobox-icon-above-title uagb-infobox-image-valign-top wp-block-uagb-info-box--has-margin\"><div class=\"uagb-infobox-margin-wrapper\"><a href=\"https:\/\/www.jonhaataja.com\/teetaika\/tuote\/sitruuna-oolong-tee\/\" class=\"uagb-infobox-link-wrap uagb-infbox__link-to-all\" target=\"_self\" aria-label=\"Infobox Link\" rel=\"noopener noreferrer\" onclick=\"return true;\"><\/a><div class=\"uagb-ifb-content\"><div class=\"uagb-ifb-image-content\"><img decoding=\"async\" src=\"https:\/\/www.jonhaataja.com\/teetaika\/wp-content\/uploads\/sites\/3\/2024\/07\/teetaika-oolong-tee-150x150.jpg\" alt=\"\" width=\"\" height=\"0\" loading=\"lazy\"\/><\/div><div class=\"uagb-ifb-title-wrap\"><h3 class=\"uagb-ifb-title\">Sitruuna oolong-tee<\/h3><\/div><div class=\"uagb-ifb-button-wrapper wp-block-button\"><\/div><\/div><\/div><\/div>\n<\/div>\n\n\n\n<div class=\"wp-block-uagb-container uagb-block-9ab1b476\">\n<div class=\"wp-block-uagb-info-box uagb-block-185878d6 uagb-infobox__content-wrap  uagb-infobox_cta-type-all uagb-infobox-icon-above-title uagb-infobox-image-valign-top wp-block-uagb-info-box--has-margin\"><div class=\"uagb-infobox-margin-wrapper\"><a href=\"https:\/\/www.jonhaataja.com\/teetaika\/tuote\/ruusunmarja-kanelitee\/\" class=\"uagb-infobox-link-wrap uagb-infbox__link-to-all\" target=\"_self\" aria-label=\"Infobox Link\" rel=\"noopener noreferrer\" onclick=\"return true;\"><\/a><div class=\"uagb-ifb-content\"><div class=\"uagb-ifb-image-content\"><img decoding=\"async\" src=\"https:\/\/www.jonhaataja.com\/teetaika\/wp-content\/uploads\/sites\/3\/2024\/07\/teetaika-ruusunmarja-kanelitee-150x150.jpg\" alt=\"\" width=\"\" height=\"0\" loading=\"lazy\"\/><\/div><div class=\"uagb-ifb-title-wrap\"><h3 class=\"uagb-ifb-title\">Ruusunmarja-kanelitee<\/h3><\/div><div class=\"uagb-ifb-button-wrapper wp-block-button\"><\/div><\/div><\/div><\/div>\n<\/div>\n<\/div>\n<\/div>\n\n\n\n<div class=\"wp-block-buttons is-content-justification-center is-layout-flex wp-container-core-buttons-is-layout-a89b3969 wp-block-buttons-is-layout-flex\">\n<div class=\"wp-block-button\"><a class=\"wp-block-button__link wp-element-button\" href=\"https:\/\/www.jonhaataja.com\/teetaika\/tuotteet\/\">Katso kaikki tuotteet<\/a><\/div>\n<\/div>\n<\/div><\/section>\n\n\n\n<div style=\"height:10rem\" aria-hidden=\"true\" class=\"wp-block-spacer\"><\/div>\n\n\n\n<section class=\"wp-block-uagb-container uagb-block-b8e1b3b7 alignfull uagb-is-root-container\"><div class=\"uagb-container-inner-blocks-wrap\">\n<aside class=\"wp-block-uagb-container varjo uagb-block-c69b0ed5\"><\/aside>\n\n\n\n<article class=\"wp-block-uagb-container uagb-block-099ae6d6\">\n<div class=\"wp-block-group has-global-padding is-layout-constrained wp-block-group-is-layout-constrained\">\n<h2 class=\"wp-block-heading\">Tarinamme<\/h2>\n\n\n\n<p>Meill\u00e4 on 15 vuoden kokemus teestudion johtamisesta ja r\u00e4\u00e4t\u00e4l\u00f6ityjen sekoitusten luomisesta. Hankimme hienoimpia luomuteelaatuja ja luomme ainutlaatuisia k\u00e4sintehtyj\u00e4 sekoituksia Tampereen teetehtaallamme.<\/p>\n\n\n\n<div style=\"height:1rem\" aria-hidden=\"true\" class=\"wp-block-spacer\"><\/div>\n\n\n\n<p>Pyrimme tarjoamaan sinulle tilaa tutkia ja kokeilla teet\u00e4, mist\u00e4 tahansa teetyypist\u00e4 pid\u00e4t. J\u00e4rjest\u00e4mme my\u00f6s teen maistelutilaisuuksia- ja koulutuksia.<\/p>\n\n\n\n<div class=\"wp-block-buttons is-content-justification-left is-layout-flex wp-container-core-buttons-is-layout-ffd3319b wp-block-buttons-is-layout-flex\" style=\"margin-top:1rem\">\n<div class=\"wp-block-button\"><a class=\"wp-block-button__link wp-element-button\" href=\"https:\/\/www.jonhaataja.com\/teetaika\/meista\/\">Lue lis\u00e4\u00e4<\/a><\/div>\n<\/div>\n<\/div>\n<\/article>\n<\/div><\/section>\n\n\n\n<div style=\"height:100px\" aria-hidden=\"true\" class=\"wp-block-spacer\"><\/div>\n","protected":false},"excerpt":{"rendered":"<p>Koe taianomaisia teehetki\u00e4 Tutustu laadukkaisiin, vastuullisesti tuotettuihin teesekoituksiin, jotka ovat valmistettu rakkaudella ja asiantuntemuksella. Olitpa intohimoinen teenyst\u00e4v\u00e4 tai vasta-alkaja, meill\u00e4 on tarjota sinulle unohtumattomia makuel\u00e4myksi\u00e4, jotka rikastuttavat niin arkea kuin juhlaa. Teetaikaa jo vuodesta 2009 Tarinamme Meill\u00e4 on 15 vuoden kokemus teestudion johtamisesta ja r\u00e4\u00e4t\u00e4l\u00f6ityjen sekoitusten luomisesta. Hankimme hienoimpia luomuteelaatuja ja luomme ainutlaatuisia k\u00e4sintehtyj\u00e4 sekoituksia [&hellip;]<\/p>\n","protected":false},"author":1,"featured_media":0,"parent":0,"menu_order":0,"comment_status":"closed","ping_status":"closed","template":"","meta":{"_acf_changed":false,"inline_featured_image":false,"_uag_custom_page_level_css":"","footnotes":""},"class_list":["post-40","page","type-page","status-publish","hentry"],"acf":[],"yoast_head":"<!-- This site is optimized with the Yoast SEO plugin v27.4 - https:\/\/yoast.com\/product\/yoast-seo-wordpress\/ -->\n<title>Koti - Teetaika<\/title>\n<meta name=\"robots\" content=\"index, follow, max-snippet:-1, max-image-preview:large, max-video-preview:-1\" \/>\n<link rel=\"canonical\" href=\"https:\/\/www.jonhaataja.com\/teetaika\/\" \/>\n<meta property=\"og:locale\" content=\"fi_FI\" \/>\n<meta property=\"og:type\" content=\"article\" \/>\n<meta property=\"og:title\" content=\"Koti - Teetaika\" \/>\n<meta property=\"og:description\" content=\"Koe taianomaisia teehetki\u00e4 Tutustu laadukkaisiin, vastuullisesti tuotettuihin teesekoituksiin, jotka ovat valmistettu rakkaudella ja asiantuntemuksella. Olitpa intohimoinen teenyst\u00e4v\u00e4 tai vasta-alkaja, meill\u00e4 on tarjota sinulle unohtumattomia makuel\u00e4myksi\u00e4, jotka rikastuttavat niin arkea kuin juhlaa. Teetaikaa jo vuodesta 2009 Tarinamme Meill\u00e4 on 15 vuoden kokemus teestudion johtamisesta ja r\u00e4\u00e4t\u00e4l\u00f6ityjen sekoitusten luomisesta. Hankimme hienoimpia luomuteelaatuja ja luomme ainutlaatuisia k\u00e4sintehtyj\u00e4 sekoituksia [&hellip;]\" \/>\n<meta property=\"og:url\" content=\"https:\/\/www.jonhaataja.com\/teetaika\/\" \/>\n<meta property=\"og:site_name\" content=\"Teetaika\" \/>\n<meta property=\"article:modified_time\" content=\"2024-09-01T16:06:12+00:00\" \/>\n<meta property=\"og:image\" content=\"https:\/\/www.jonhaataja.com\/teetaika\/wp-content\/uploads\/sites\/3\/2024\/07\/black-tea-150x150.jpg\" \/>\n<meta name=\"twitter:card\" content=\"summary_large_image\" \/>\n<meta name=\"twitter:label1\" content=\"Arvioitu lukuaika\" \/>\n\t<meta name=\"twitter:data1\" content=\"2 minuuttia\" \/>\n<script type=\"application\/ld+json\" class=\"yoast-schema-graph\">{\"@context\":\"https:\\\/\\\/schema.org\",\"@graph\":[{\"@type\":\"WebPage\",\"@id\":\"https:\\\/\\\/www.jonhaataja.com\\\/teetaika\\\/\",\"url\":\"https:\\\/\\\/www.jonhaataja.com\\\/teetaika\\\/\",\"name\":\"Koti - Teetaika\",\"isPartOf\":{\"@id\":\"https:\\\/\\\/www.jonhaataja.com\\\/teetaika\\\/#website\"},\"primaryImageOfPage\":{\"@id\":\"https:\\\/\\\/www.jonhaataja.com\\\/teetaika\\\/#primaryimage\"},\"image\":{\"@id\":\"https:\\\/\\\/www.jonhaataja.com\\\/teetaika\\\/#primaryimage\"},\"thumbnailUrl\":\"https:\\\/\\\/www.jonhaataja.com\\\/teetaika\\\/wp-content\\\/uploads\\\/sites\\\/3\\\/2024\\\/07\\\/black-tea-150x150.jpg\",\"datePublished\":\"2024-07-31T10:44:19+00:00\",\"dateModified\":\"2024-09-01T16:06:12+00:00\",\"breadcrumb\":{\"@id\":\"https:\\\/\\\/www.jonhaataja.com\\\/teetaika\\\/#breadcrumb\"},\"inLanguage\":\"fi\",\"potentialAction\":[{\"@type\":\"ReadAction\",\"target\":[\"https:\\\/\\\/www.jonhaataja.com\\\/teetaika\\\/\"]}]},{\"@type\":\"ImageObject\",\"inLanguage\":\"fi\",\"@id\":\"https:\\\/\\\/www.jonhaataja.com\\\/teetaika\\\/#primaryimage\",\"url\":\"https:\\\/\\\/www.jonhaataja.com\\\/teetaika\\\/wp-content\\\/uploads\\\/sites\\\/3\\\/2024\\\/07\\\/black-tea-scaled.jpg\",\"contentUrl\":\"https:\\\/\\\/www.jonhaataja.com\\\/teetaika\\\/wp-content\\\/uploads\\\/sites\\\/3\\\/2024\\\/07\\\/black-tea-scaled.jpg\",\"width\":1707,\"height\":2560},{\"@type\":\"BreadcrumbList\",\"@id\":\"https:\\\/\\\/www.jonhaataja.com\\\/teetaika\\\/#breadcrumb\",\"itemListElement\":[{\"@type\":\"ListItem\",\"position\":1,\"name\":\"Etusivu\",\"item\":\"https:\\\/\\\/www.jonhaataja.com\\\/teetaika\\\/\"},{\"@type\":\"ListItem\",\"position\":2,\"name\":\"Koti\"}]},{\"@type\":\"WebSite\",\"@id\":\"https:\\\/\\\/www.jonhaataja.com\\\/teetaika\\\/#website\",\"url\":\"https:\\\/\\\/www.jonhaataja.com\\\/teetaika\\\/\",\"name\":\"Teetaika\",\"description\":\"Teetaika on kuvitteellinen, hienoihin luomuteesekoituksiin erikoistunut teehuoneyritys.\",\"potentialAction\":[{\"@type\":\"SearchAction\",\"target\":{\"@type\":\"EntryPoint\",\"urlTemplate\":\"https:\\\/\\\/www.jonhaataja.com\\\/teetaika\\\/?s={search_term_string}\"},\"query-input\":{\"@type\":\"PropertyValueSpecification\",\"valueRequired\":true,\"valueName\":\"search_term_string\"}}],\"inLanguage\":\"fi\"}]}<\/script>\n<!-- \/ Yoast SEO plugin. -->","yoast_head_json":{"title":"Koti - Teetaika","robots":{"index":"index","follow":"follow","max-snippet":"max-snippet:-1","max-image-preview":"max-image-preview:large","max-video-preview":"max-video-preview:-1"},"canonical":"https:\/\/www.jonhaataja.com\/teetaika\/","og_locale":"fi_FI","og_type":"article","og_title":"Koti - Teetaika","og_description":"Koe taianomaisia teehetki\u00e4 Tutustu laadukkaisiin, vastuullisesti tuotettuihin teesekoituksiin, jotka ovat valmistettu rakkaudella ja asiantuntemuksella. Olitpa intohimoinen teenyst\u00e4v\u00e4 tai vasta-alkaja, meill\u00e4 on tarjota sinulle unohtumattomia makuel\u00e4myksi\u00e4, jotka rikastuttavat niin arkea kuin juhlaa. Teetaikaa jo vuodesta 2009 Tarinamme Meill\u00e4 on 15 vuoden kokemus teestudion johtamisesta ja r\u00e4\u00e4t\u00e4l\u00f6ityjen sekoitusten luomisesta. Hankimme hienoimpia luomuteelaatuja ja luomme ainutlaatuisia k\u00e4sintehtyj\u00e4 sekoituksia [&hellip;]","og_url":"https:\/\/www.jonhaataja.com\/teetaika\/","og_site_name":"Teetaika","article_modified_time":"2024-09-01T16:06:12+00:00","og_image":[{"url":"https:\/\/www.jonhaataja.com\/teetaika\/wp-content\/uploads\/sites\/3\/2024\/07\/black-tea-150x150.jpg","type":"","width":"","height":""}],"twitter_card":"summary_large_image","twitter_misc":{"Arvioitu lukuaika":"2 minuuttia"},"schema":{"@context":"https:\/\/schema.org","@graph":[{"@type":"WebPage","@id":"https:\/\/www.jonhaataja.com\/teetaika\/","url":"https:\/\/www.jonhaataja.com\/teetaika\/","name":"Koti - Teetaika","isPartOf":{"@id":"https:\/\/www.jonhaataja.com\/teetaika\/#website"},"primaryImageOfPage":{"@id":"https:\/\/www.jonhaataja.com\/teetaika\/#primaryimage"},"image":{"@id":"https:\/\/www.jonhaataja.com\/teetaika\/#primaryimage"},"thumbnailUrl":"https:\/\/www.jonhaataja.com\/teetaika\/wp-content\/uploads\/sites\/3\/2024\/07\/black-tea-150x150.jpg","datePublished":"2024-07-31T10:44:19+00:00","dateModified":"2024-09-01T16:06:12+00:00","breadcrumb":{"@id":"https:\/\/www.jonhaataja.com\/teetaika\/#breadcrumb"},"inLanguage":"fi","potentialAction":[{"@type":"ReadAction","target":["https:\/\/www.jonhaataja.com\/teetaika\/"]}]},{"@type":"ImageObject","inLanguage":"fi","@id":"https:\/\/www.jonhaataja.com\/teetaika\/#primaryimage","url":"https:\/\/www.jonhaataja.com\/teetaika\/wp-content\/uploads\/sites\/3\/2024\/07\/black-tea-scaled.jpg","contentUrl":"https:\/\/www.jonhaataja.com\/teetaika\/wp-content\/uploads\/sites\/3\/2024\/07\/black-tea-scaled.jpg","width":1707,"height":2560},{"@type":"BreadcrumbList","@id":"https:\/\/www.jonhaataja.com\/teetaika\/#breadcrumb","itemListElement":[{"@type":"ListItem","position":1,"name":"Etusivu","item":"https:\/\/www.jonhaataja.com\/teetaika\/"},{"@type":"ListItem","position":2,"name":"Koti"}]},{"@type":"WebSite","@id":"https:\/\/www.jonhaataja.com\/teetaika\/#website","url":"https:\/\/www.jonhaataja.com\/teetaika\/","name":"Teetaika","description":"Teetaika on kuvitteellinen, hienoihin luomuteesekoituksiin erikoistunut teehuoneyritys.","potentialAction":[{"@type":"SearchAction","target":{"@type":"EntryPoint","urlTemplate":"https:\/\/www.jonhaataja.com\/teetaika\/?s={search_term_string}"},"query-input":{"@type":"PropertyValueSpecification","valueRequired":true,"valueName":"search_term_string"}}],"inLanguage":"fi"}]}},"uagb_featured_image_src":{"full":false,"thumbnail":false,"medium":false,"medium_large":false,"large":false,"1536x1536":false,"2048x2048":false,"woocommerce_thumbnail":false,"woocommerce_single":false,"woocommerce_gallery_thumbnail":false},"uagb_author_info":{"display_name":"Jon Haataja","author_link":"https:\/\/www.jonhaataja.com\/teetaika\/author\/admin\/"},"uagb_comment_info":0,"uagb_excerpt":"Koe taianomaisia teehetki\u00e4 Tutustu laadukkaisiin, vastuullisesti tuotettuihin teesekoituksiin, jotka ovat valmistettu rakkaudella ja asiantuntemuksella. Olitpa intohimoinen teenyst\u00e4v\u00e4 tai vasta-alkaja, meill\u00e4 on tarjota sinulle unohtumattomia makuel\u00e4myksi\u00e4, jotka rikastuttavat niin arkea kuin juhlaa. Teetaikaa jo vuodesta 2009 Tarinamme Meill\u00e4 on 15 vuoden kokemus teestudion johtamisesta ja r\u00e4\u00e4t\u00e4l\u00f6ityjen sekoitusten luomisesta. Hankimme hienoimpia luomuteelaatuja ja luomme ainutlaatuisia k\u00e4sintehtyj\u00e4 sekoituksia&hellip;","_links":{"self":[{"href":"https:\/\/www.jonhaataja.com\/teetaika\/wp-json\/wp\/v2\/pages\/40","targetHints":{"allow":["GET"]}}],"collection":[{"href":"https:\/\/www.jonhaataja.com\/teetaika\/wp-json\/wp\/v2\/pages"}],"about":[{"href":"https:\/\/www.jonhaataja.com\/teetaika\/wp-json\/wp\/v2\/types\/page"}],"author":[{"embeddable":true,"href":"https:\/\/www.jonhaataja.com\/teetaika\/wp-json\/wp\/v2\/users\/1"}],"replies":[{"embeddable":true,"href":"https:\/\/www.jonhaataja.com\/teetaika\/wp-json\/wp\/v2\/comments?post=40"}],"version-history":[{"count":15,"href":"https:\/\/www.jonhaataja.com\/teetaika\/wp-json\/wp\/v2\/pages\/40\/revisions"}],"predecessor-version":[{"id":1261,"href":"https:\/\/www.jonhaataja.com\/teetaika\/wp-json\/wp\/v2\/pages\/40\/revisions\/1261"}],"wp:attachment":[{"href":"https:\/\/www.jonhaataja.com\/teetaika\/wp-json\/wp\/v2\/media?parent=40"}],"curies":[{"name":"wp","href":"https:\/\/api.w.org\/{rel}","templated":true}]}}