{"id":43,"date":"2024-07-31T13:57:25","date_gmt":"2024-07-31T10:57:25","guid":{"rendered":"https:\/\/www.jonhaataja.com\/teetaika\/?page_id=43"},"modified":"2024-11-11T19:04:22","modified_gmt":"2024-11-11T17:04:22","slug":"meista","status":"publish","type":"page","link":"https:\/\/www.jonhaataja.com\/teetaika\/meista\/","title":{"rendered":"Meist\u00e4"},"content":{"rendered":"\n<div class=\"wp-block-uagb-container uagb-block-f72710e6 alignfull uagb-is-root-container\"><div class=\"uagb-container-inner-blocks-wrap\">\n<div class=\"wp-block-uagb-container uagb-block-bf6f8869\">\n<h1 class=\"wp-block-heading\">Rakkaudesta teekulttuuriin<\/h1>\n\n\n\n<p>Tee on meille enemm\u00e4n kuin juoma \u2013 se on el\u00e4m\u00e4ntapa. Inspiroidumme teekulttuurin rikkaudesta ja haluamme jakaa t\u00e4m\u00e4n intohimon kanssasi, kupillinen kerrallaan.<\/p>\n<\/div>\n\n\n\n<div class=\"wp-block-uagb-container uagb-block-3038cd7a\"><\/div>\n<\/div><\/div>\n\n\n\n<div style=\"height:5rem\" aria-hidden=\"true\" class=\"wp-block-spacer\"><\/div>\n\n\n\n<div class=\"wp-block-uagb-container uagb-block-e6e65f56 alignfull uagb-is-root-container\"><div class=\"uagb-container-inner-blocks-wrap\">\n<h2 class=\"wp-block-heading\">Filosofia<\/h2>\n\n\n\n<div class=\"wp-block-uagb-container uagb-block-7837ec0f\">\n<p>Olipa kyseess\u00e4 hiljainen iltap\u00e4iv\u00e4 kirjan parissa tai vaikkapa hauska keskustelu yst\u00e4vien kanssa, tee tuo hetken iloa ja pakoa arjen stressist\u00e4. Kun sanomme teet\u00e4, tarkoitamme sill\u00e4 sit\u00e4, mit\u00e4 tee merkitsee sinulle. Tee on pient\u00e4 luksusta hektisess\u00e4 maailmassa, ja olemme t\u00e4\u00e4ll\u00e4 tarjotaksemme tuomitsemattoman paikan l\u00f6yt\u00e4\u00e4 oikea tee erityisten hetkiesi seuraksi.<\/p>\n<\/div>\n\n\n\n<div class=\"wp-block-uagb-container uagb-block-b9491330\"><\/div>\n<\/div><\/div>\n\n\n\n<div class=\"wp-block-uagb-container uagb-block-3631b8c5 alignfull uagb-is-root-container\"><div class=\"uagb-container-inner-blocks-wrap\">\n<div class=\"wp-block-uagb-container uagb-block-7c1b6109\"><\/div>\n\n\n\n<div class=\"wp-block-uagb-container uagb-block-d1eb33d5\">\n<h2 class=\"wp-block-heading\">Luovuus<\/h2>\n\n\n\n<p>Mielest\u00e4mme teen tulee olla luovaa. Siksi olemme kehitt\u00e4neet uusia sekoituksia, jotka vakuuttavat sinulle, ett\u00e4 sy\u00f6t gateau-ruokaa Saksassa tai saavat suusi pomppimaan ainutlaatuisilla hedelmien, mausteiden ja teen yhdistelmill\u00e4. Ainesosia valittaessa pyrimme aina huippuosaamiseen. Kun olemme valinneet parhaat ainesosat, valmistamme sekoituksemme k\u00e4sin pieniss\u00e4 eriss\u00e4 Tampereella.<\/p>\n<\/div>\n<\/div><\/div>\n","protected":false},"excerpt":{"rendered":"<p>Rakkaudesta teekulttuuriin Tee on meille enemm\u00e4n kuin juoma \u2013 se on el\u00e4m\u00e4ntapa. Inspiroidumme teekulttuurin rikkaudesta ja haluamme jakaa t\u00e4m\u00e4n intohimon kanssasi, kupillinen kerrallaan. Filosofia Olipa kyseess\u00e4 hiljainen iltap\u00e4iv\u00e4 kirjan parissa tai vaikkapa hauska keskustelu yst\u00e4vien kanssa, tee tuo hetken iloa ja pakoa arjen stressist\u00e4. Kun sanomme teet\u00e4, tarkoitamme sill\u00e4 sit\u00e4, mit\u00e4 tee merkitsee sinulle. Tee [&hellip;]<\/p>\n","protected":false},"author":1,"featured_media":0,"parent":0,"menu_order":0,"comment_status":"closed","ping_status":"closed","template":"meista","meta":{"_acf_changed":false,"inline_featured_image":false,"_uag_custom_page_level_css":"","footnotes":""},"class_list":["post-43","page","type-page","status-publish","hentry"],"acf":[],"yoast_head":"<!-- This site is optimized with the Yoast SEO plugin v27.4 - https:\/\/yoast.com\/product\/yoast-seo-wordpress\/ -->\n<title>Meist\u00e4 - Teetaika<\/title>\n<meta name=\"robots\" content=\"index, follow, max-snippet:-1, max-image-preview:large, max-video-preview:-1\" \/>\n<link rel=\"canonical\" href=\"https:\/\/www.jonhaataja.com\/teetaika\/meista\/\" \/>\n<meta property=\"og:locale\" content=\"fi_FI\" \/>\n<meta property=\"og:type\" content=\"article\" \/>\n<meta property=\"og:title\" content=\"Meist\u00e4 - Teetaika\" \/>\n<meta property=\"og:description\" content=\"Rakkaudesta teekulttuuriin Tee on meille enemm\u00e4n kuin juoma \u2013 se on el\u00e4m\u00e4ntapa. Inspiroidumme teekulttuurin rikkaudesta ja haluamme jakaa t\u00e4m\u00e4n intohimon kanssasi, kupillinen kerrallaan. Filosofia Olipa kyseess\u00e4 hiljainen iltap\u00e4iv\u00e4 kirjan parissa tai vaikkapa hauska keskustelu yst\u00e4vien kanssa, tee tuo hetken iloa ja pakoa arjen stressist\u00e4. Kun sanomme teet\u00e4, tarkoitamme sill\u00e4 sit\u00e4, mit\u00e4 tee merkitsee sinulle. Tee [&hellip;]\" \/>\n<meta property=\"og:url\" content=\"https:\/\/www.jonhaataja.com\/teetaika\/meista\/\" \/>\n<meta property=\"og:site_name\" content=\"Teetaika\" \/>\n<meta property=\"article:modified_time\" content=\"2024-11-11T17:04:22+00:00\" \/>\n<meta name=\"twitter:card\" content=\"summary_large_image\" \/>\n<meta name=\"twitter:label1\" content=\"Arvioitu lukuaika\" \/>\n\t<meta name=\"twitter:data1\" content=\"1 minuutti\" \/>\n<script type=\"application\/ld+json\" class=\"yoast-schema-graph\">{\"@context\":\"https:\\\/\\\/schema.org\",\"@graph\":[{\"@type\":\"WebPage\",\"@id\":\"https:\\\/\\\/www.jonhaataja.com\\\/teetaika\\\/meista\\\/\",\"url\":\"https:\\\/\\\/www.jonhaataja.com\\\/teetaika\\\/meista\\\/\",\"name\":\"Meist\u00e4 - Teetaika\",\"isPartOf\":{\"@id\":\"https:\\\/\\\/www.jonhaataja.com\\\/teetaika\\\/#website\"},\"datePublished\":\"2024-07-31T10:57:25+00:00\",\"dateModified\":\"2024-11-11T17:04:22+00:00\",\"breadcrumb\":{\"@id\":\"https:\\\/\\\/www.jonhaataja.com\\\/teetaika\\\/meista\\\/#breadcrumb\"},\"inLanguage\":\"fi\",\"potentialAction\":[{\"@type\":\"ReadAction\",\"target\":[\"https:\\\/\\\/www.jonhaataja.com\\\/teetaika\\\/meista\\\/\"]}]},{\"@type\":\"BreadcrumbList\",\"@id\":\"https:\\\/\\\/www.jonhaataja.com\\\/teetaika\\\/meista\\\/#breadcrumb\",\"itemListElement\":[{\"@type\":\"ListItem\",\"position\":1,\"name\":\"Etusivu\",\"item\":\"https:\\\/\\\/www.jonhaataja.com\\\/teetaika\\\/\"},{\"@type\":\"ListItem\",\"position\":2,\"name\":\"Meist\u00e4\"}]},{\"@type\":\"WebSite\",\"@id\":\"https:\\\/\\\/www.jonhaataja.com\\\/teetaika\\\/#website\",\"url\":\"https:\\\/\\\/www.jonhaataja.com\\\/teetaika\\\/\",\"name\":\"Teetaika\",\"description\":\"Teetaika on kuvitteellinen, hienoihin luomuteesekoituksiin erikoistunut teehuoneyritys.\",\"potentialAction\":[{\"@type\":\"SearchAction\",\"target\":{\"@type\":\"EntryPoint\",\"urlTemplate\":\"https:\\\/\\\/www.jonhaataja.com\\\/teetaika\\\/?s={search_term_string}\"},\"query-input\":{\"@type\":\"PropertyValueSpecification\",\"valueRequired\":true,\"valueName\":\"search_term_string\"}}],\"inLanguage\":\"fi\"}]}<\/script>\n<!-- \/ Yoast SEO plugin. -->","yoast_head_json":{"title":"Meist\u00e4 - Teetaika","robots":{"index":"index","follow":"follow","max-snippet":"max-snippet:-1","max-image-preview":"max-image-preview:large","max-video-preview":"max-video-preview:-1"},"canonical":"https:\/\/www.jonhaataja.com\/teetaika\/meista\/","og_locale":"fi_FI","og_type":"article","og_title":"Meist\u00e4 - Teetaika","og_description":"Rakkaudesta teekulttuuriin Tee on meille enemm\u00e4n kuin juoma \u2013 se on el\u00e4m\u00e4ntapa. Inspiroidumme teekulttuurin rikkaudesta ja haluamme jakaa t\u00e4m\u00e4n intohimon kanssasi, kupillinen kerrallaan. Filosofia Olipa kyseess\u00e4 hiljainen iltap\u00e4iv\u00e4 kirjan parissa tai vaikkapa hauska keskustelu yst\u00e4vien kanssa, tee tuo hetken iloa ja pakoa arjen stressist\u00e4. Kun sanomme teet\u00e4, tarkoitamme sill\u00e4 sit\u00e4, mit\u00e4 tee merkitsee sinulle. Tee [&hellip;]","og_url":"https:\/\/www.jonhaataja.com\/teetaika\/meista\/","og_site_name":"Teetaika","article_modified_time":"2024-11-11T17:04:22+00:00","twitter_card":"summary_large_image","twitter_misc":{"Arvioitu lukuaika":"1 minuutti"},"schema":{"@context":"https:\/\/schema.org","@graph":[{"@type":"WebPage","@id":"https:\/\/www.jonhaataja.com\/teetaika\/meista\/","url":"https:\/\/www.jonhaataja.com\/teetaika\/meista\/","name":"Meist\u00e4 - Teetaika","isPartOf":{"@id":"https:\/\/www.jonhaataja.com\/teetaika\/#website"},"datePublished":"2024-07-31T10:57:25+00:00","dateModified":"2024-11-11T17:04:22+00:00","breadcrumb":{"@id":"https:\/\/www.jonhaataja.com\/teetaika\/meista\/#breadcrumb"},"inLanguage":"fi","potentialAction":[{"@type":"ReadAction","target":["https:\/\/www.jonhaataja.com\/teetaika\/meista\/"]}]},{"@type":"BreadcrumbList","@id":"https:\/\/www.jonhaataja.com\/teetaika\/meista\/#breadcrumb","itemListElement":[{"@type":"ListItem","position":1,"name":"Etusivu","item":"https:\/\/www.jonhaataja.com\/teetaika\/"},{"@type":"ListItem","position":2,"name":"Meist\u00e4"}]},{"@type":"WebSite","@id":"https:\/\/www.jonhaataja.com\/teetaika\/#website","url":"https:\/\/www.jonhaataja.com\/teetaika\/","name":"Teetaika","description":"Teetaika on kuvitteellinen, hienoihin luomuteesekoituksiin erikoistunut teehuoneyritys.","potentialAction":[{"@type":"SearchAction","target":{"@type":"EntryPoint","urlTemplate":"https:\/\/www.jonhaataja.com\/teetaika\/?s={search_term_string}"},"query-input":{"@type":"PropertyValueSpecification","valueRequired":true,"valueName":"search_term_string"}}],"inLanguage":"fi"}]}},"uagb_featured_image_src":{"full":false,"thumbnail":false,"medium":false,"medium_large":false,"large":false,"1536x1536":false,"2048x2048":false,"woocommerce_thumbnail":false,"woocommerce_single":false,"woocommerce_gallery_thumbnail":false},"uagb_author_info":{"display_name":"Jon Haataja","author_link":"https:\/\/www.jonhaataja.com\/teetaika\/author\/admin\/"},"uagb_comment_info":0,"uagb_excerpt":"Rakkaudesta teekulttuuriin Tee on meille enemm\u00e4n kuin juoma \u2013 se on el\u00e4m\u00e4ntapa. Inspiroidumme teekulttuurin rikkaudesta ja haluamme jakaa t\u00e4m\u00e4n intohimon kanssasi, kupillinen kerrallaan. Filosofia Olipa kyseess\u00e4 hiljainen iltap\u00e4iv\u00e4 kirjan parissa tai vaikkapa hauska keskustelu yst\u00e4vien kanssa, tee tuo hetken iloa ja pakoa arjen stressist\u00e4. Kun sanomme teet\u00e4, tarkoitamme sill\u00e4 sit\u00e4, mit\u00e4 tee merkitsee sinulle. Tee&hellip;","_links":{"self":[{"href":"https:\/\/www.jonhaataja.com\/teetaika\/wp-json\/wp\/v2\/pages\/43","targetHints":{"allow":["GET"]}}],"collection":[{"href":"https:\/\/www.jonhaataja.com\/teetaika\/wp-json\/wp\/v2\/pages"}],"about":[{"href":"https:\/\/www.jonhaataja.com\/teetaika\/wp-json\/wp\/v2\/types\/page"}],"author":[{"embeddable":true,"href":"https:\/\/www.jonhaataja.com\/teetaika\/wp-json\/wp\/v2\/users\/1"}],"replies":[{"embeddable":true,"href":"https:\/\/www.jonhaataja.com\/teetaika\/wp-json\/wp\/v2\/comments?post=43"}],"version-history":[{"count":2,"href":"https:\/\/www.jonhaataja.com\/teetaika\/wp-json\/wp\/v2\/pages\/43\/revisions"}],"predecessor-version":[{"id":1281,"href":"https:\/\/www.jonhaataja.com\/teetaika\/wp-json\/wp\/v2\/pages\/43\/revisions\/1281"}],"wp:attachment":[{"href":"https:\/\/www.jonhaataja.com\/teetaika\/wp-json\/wp\/v2\/media?parent=43"}],"curies":[{"name":"wp","href":"https:\/\/api.w.org\/{rel}","templated":true}]}}