{"id":1084,"date":"2024-08-30T18:27:53","date_gmt":"2024-08-30T15:27:53","guid":{"rendered":"https:\/\/www.jonhaataja.com\/teetaika\/?post_type=product&#038;p=1084"},"modified":"2024-08-30T22:21:21","modified_gmt":"2024-08-30T19:21:21","slug":"vaniljainen-mustatee","status":"publish","type":"product","link":"https:\/\/www.jonhaataja.com\/teetaika\/tuote\/vaniljainen-mustatee\/","title":{"rendered":"Vaniljainen mustatee"},"content":{"rendered":"<h3>Orgaanista ja kest\u00e4v\u00e4\u00e4<\/h3>\n<p>Huolella valikoitu musta tee on per\u00e4isin er\u00e4\u00e4lt\u00e4 maailman tunnetuimmalta luomuteen tuotantotilalta Etel\u00e4-Intiasta, mik\u00e4 takaa parhaanmahdollisen laadun ja maun. Vanilja, joka antaa sekoitukselle sen ainutlaatuisen maun, on korkealaatuista ja eettisesti tuotettua. T\u00e4m\u00e4 sekoitus on tehty ilman keinotekoisia makuaineita, joten voit nauttia aidosta ja puhtaasta teekokemuksesta.<\/p>\n<h3>Monipuolinen mustatee<\/h3>\n<p>Vaniljainen mustateesekoitus sopii erinomaisesti nautittavaksi sellaisenaan, mutta sen monipuolisuus mahdollistaa my\u00f6s erilaiset valmistustavat. Lis\u00e4\u00e4 ripaus maitoa tai hunajaa saadaksesi viel\u00e4 t\u00e4ytel\u00e4isemm\u00e4n makuel\u00e4myksen. T\u00e4m\u00e4 tee on my\u00f6s erinomainen valinta j\u00e4\u00e4teen\u00e4 tarjoiltuna kuumana kes\u00e4p\u00e4iv\u00e4n\u00e4.<\/p>\n<p>Mustalla teell\u00e4 on tunnetusti monia terveysvaikutuksia, kuten antioksidanttien tarjoama suoja soluille ja kehon vastustuskyvyn parantaminen. Vaniljan luonnolliset yhdisteet voivat edist\u00e4\u00e4 rentoutumista ja hyvinvointia.<\/p>\n","protected":false},"excerpt":{"rendered":"<p>Huolella valikoitu musta tee on per\u00e4isin er\u00e4\u00e4lt\u00e4 maailman tunnetuimmalta luomuteen tuotantotilalta Etel\u00e4-Intiasta, mik\u00e4 takaa parhaanmahdollisen laadun ja maun. Vanilja, joka antaa sekoitukselle sen ainutlaatuisen maun, on korkealaatuista ja eettisesti tuotettua. T\u00e4m\u00e4 sekoitus on tehty ilman keinotekoisia makuaineita, joten voit nauttia aidosta ja puhtaasta teekokemuksesta.<\/p>\n","protected":false},"featured_media":452,"comment_status":"open","ping_status":"closed","template":"","meta":{"_acf_changed":false,"inline_featured_image":false,"_uag_custom_page_level_css":""},"product_brand":[],"product_cat":[44],"product_tag":[],"class_list":{"0":"post-1084","1":"product","2":"type-product","3":"status-publish","4":"has-post-thumbnail","6":"product_cat-irtoteet","7":"pa_alkuperamaa-intia","8":"pa_kofeiinimaara-medium","9":"pa_makuvivahteet-maltaisuus","10":"pa_makuvivahteet-vanilja","11":"pa_pakkauskoko-100-g","12":"pa_pakkauskoko-200-g","13":"pa_pakkauskoko-50-g","15":"first","16":"instock","17":"shipping-taxable","18":"purchasable","19":"product-type-variable"},"acf":[],"yoast_head":"<!-- This site is optimized with the Yoast SEO plugin v27.4 - https:\/\/yoast.com\/product\/yoast-seo-wordpress\/ -->\n<title>Vaniljainen mustatee - Teetaika<\/title>\n<meta name=\"robots\" content=\"index, follow, max-snippet:-1, max-image-preview:large, max-video-preview:-1\" \/>\n<link rel=\"canonical\" href=\"https:\/\/www.jonhaataja.com\/teetaika\/tuote\/vaniljainen-mustatee\/\" \/>\n<meta property=\"og:locale\" content=\"fi_FI\" \/>\n<meta property=\"og:type\" content=\"article\" \/>\n<meta property=\"og:title\" content=\"Vaniljainen mustatee - Teetaika\" \/>\n<meta property=\"og:description\" content=\"Huolella valikoitu musta tee on per\u00e4isin er\u00e4\u00e4lt\u00e4 maailman tunnetuimmalta luomuteen tuotantotilalta Etel\u00e4-Intiasta, mik\u00e4 takaa parhaanmahdollisen laadun ja maun. Vanilja, joka antaa sekoitukselle sen ainutlaatuisen maun, on korkealaatuista ja eettisesti tuotettua. T\u00e4m\u00e4 sekoitus on tehty ilman keinotekoisia makuaineita, joten voit nauttia aidosta ja puhtaasta teekokemuksesta.\" \/>\n<meta property=\"og:url\" content=\"https:\/\/www.jonhaataja.com\/teetaika\/tuote\/vaniljainen-mustatee\/\" \/>\n<meta property=\"og:site_name\" content=\"Teetaika\" \/>\n<meta property=\"article:modified_time\" content=\"2024-08-30T19:21:21+00:00\" \/>\n<meta property=\"og:image\" content=\"https:\/\/www.jonhaataja.com\/teetaika\/wp-content\/uploads\/sites\/3\/2024\/07\/teetaika-vaniljainen-mustatee-700x700-1.png\" \/>\n\t<meta property=\"og:image:width\" content=\"708\" \/>\n\t<meta property=\"og:image:height\" content=\"708\" \/>\n\t<meta property=\"og:image:type\" content=\"image\/png\" \/>\n<meta name=\"twitter:card\" content=\"summary_large_image\" \/>\n<meta name=\"twitter:label1\" content=\"Arvioitu lukuaika\" \/>\n\t<meta name=\"twitter:data1\" content=\"1 minuutti\" \/>\n<script type=\"application\/ld+json\" class=\"yoast-schema-graph\">{\"@context\":\"https:\\\/\\\/schema.org\",\"@graph\":[{\"@type\":\"WebPage\",\"@id\":\"https:\\\/\\\/www.jonhaataja.com\\\/teetaika\\\/tuote\\\/vaniljainen-mustatee\\\/\",\"url\":\"https:\\\/\\\/www.jonhaataja.com\\\/teetaika\\\/tuote\\\/vaniljainen-mustatee\\\/\",\"name\":\"Vaniljainen mustatee - Teetaika\",\"isPartOf\":{\"@id\":\"https:\\\/\\\/www.jonhaataja.com\\\/teetaika\\\/#website\"},\"primaryImageOfPage\":{\"@id\":\"https:\\\/\\\/www.jonhaataja.com\\\/teetaika\\\/tuote\\\/vaniljainen-mustatee\\\/#primaryimage\"},\"image\":{\"@id\":\"https:\\\/\\\/www.jonhaataja.com\\\/teetaika\\\/tuote\\\/vaniljainen-mustatee\\\/#primaryimage\"},\"thumbnailUrl\":\"https:\\\/\\\/www.jonhaataja.com\\\/teetaika\\\/wp-content\\\/uploads\\\/sites\\\/3\\\/2024\\\/07\\\/teetaika-vaniljainen-mustatee-700x700-1.png\",\"datePublished\":\"2024-08-30T15:27:53+00:00\",\"dateModified\":\"2024-08-30T19:21:21+00:00\",\"breadcrumb\":{\"@id\":\"https:\\\/\\\/www.jonhaataja.com\\\/teetaika\\\/tuote\\\/vaniljainen-mustatee\\\/#breadcrumb\"},\"inLanguage\":\"fi\",\"potentialAction\":[{\"@type\":\"ReadAction\",\"target\":[\"https:\\\/\\\/www.jonhaataja.com\\\/teetaika\\\/tuote\\\/vaniljainen-mustatee\\\/\"]}]},{\"@type\":\"ImageObject\",\"inLanguage\":\"fi\",\"@id\":\"https:\\\/\\\/www.jonhaataja.com\\\/teetaika\\\/tuote\\\/vaniljainen-mustatee\\\/#primaryimage\",\"url\":\"https:\\\/\\\/www.jonhaataja.com\\\/teetaika\\\/wp-content\\\/uploads\\\/sites\\\/3\\\/2024\\\/07\\\/teetaika-vaniljainen-mustatee-700x700-1.png\",\"contentUrl\":\"https:\\\/\\\/www.jonhaataja.com\\\/teetaika\\\/wp-content\\\/uploads\\\/sites\\\/3\\\/2024\\\/07\\\/teetaika-vaniljainen-mustatee-700x700-1.png\",\"width\":708,\"height\":708},{\"@type\":\"BreadcrumbList\",\"@id\":\"https:\\\/\\\/www.jonhaataja.com\\\/teetaika\\\/tuote\\\/vaniljainen-mustatee\\\/#breadcrumb\",\"itemListElement\":[{\"@type\":\"ListItem\",\"position\":1,\"name\":\"Etusivu\",\"item\":\"https:\\\/\\\/www.jonhaataja.com\\\/teetaika\\\/\"},{\"@type\":\"ListItem\",\"position\":2,\"name\":\"Tuotteet\",\"item\":\"https:\\\/\\\/www.jonhaataja.com\\\/teetaika\\\/kauppa\\\/\"},{\"@type\":\"ListItem\",\"position\":3,\"name\":\"Vaniljainen mustatee\"}]},{\"@type\":\"WebSite\",\"@id\":\"https:\\\/\\\/www.jonhaataja.com\\\/teetaika\\\/#website\",\"url\":\"https:\\\/\\\/www.jonhaataja.com\\\/teetaika\\\/\",\"name\":\"Teetaika\",\"description\":\"Teetaika on kuvitteellinen, hienoihin luomuteesekoituksiin erikoistunut teehuoneyritys.\",\"potentialAction\":[{\"@type\":\"SearchAction\",\"target\":{\"@type\":\"EntryPoint\",\"urlTemplate\":\"https:\\\/\\\/www.jonhaataja.com\\\/teetaika\\\/?s={search_term_string}\"},\"query-input\":{\"@type\":\"PropertyValueSpecification\",\"valueRequired\":true,\"valueName\":\"search_term_string\"}}],\"inLanguage\":\"fi\"}]}<\/script>\n<!-- \/ Yoast SEO plugin. -->","yoast_head_json":{"title":"Vaniljainen mustatee - Teetaika","robots":{"index":"index","follow":"follow","max-snippet":"max-snippet:-1","max-image-preview":"max-image-preview:large","max-video-preview":"max-video-preview:-1"},"canonical":"https:\/\/www.jonhaataja.com\/teetaika\/tuote\/vaniljainen-mustatee\/","og_locale":"fi_FI","og_type":"article","og_title":"Vaniljainen mustatee - Teetaika","og_description":"Huolella valikoitu musta tee on per\u00e4isin er\u00e4\u00e4lt\u00e4 maailman tunnetuimmalta luomuteen tuotantotilalta Etel\u00e4-Intiasta, mik\u00e4 takaa parhaanmahdollisen laadun ja maun. Vanilja, joka antaa sekoitukselle sen ainutlaatuisen maun, on korkealaatuista ja eettisesti tuotettua. T\u00e4m\u00e4 sekoitus on tehty ilman keinotekoisia makuaineita, joten voit nauttia aidosta ja puhtaasta teekokemuksesta.","og_url":"https:\/\/www.jonhaataja.com\/teetaika\/tuote\/vaniljainen-mustatee\/","og_site_name":"Teetaika","article_modified_time":"2024-08-30T19:21:21+00:00","og_image":[{"width":708,"height":708,"url":"https:\/\/www.jonhaataja.com\/teetaika\/wp-content\/uploads\/sites\/3\/2024\/07\/teetaika-vaniljainen-mustatee-700x700-1.png","type":"image\/png"}],"twitter_card":"summary_large_image","twitter_misc":{"Arvioitu lukuaika":"1 minuutti"},"schema":{"@context":"https:\/\/schema.org","@graph":[{"@type":"WebPage","@id":"https:\/\/www.jonhaataja.com\/teetaika\/tuote\/vaniljainen-mustatee\/","url":"https:\/\/www.jonhaataja.com\/teetaika\/tuote\/vaniljainen-mustatee\/","name":"Vaniljainen mustatee - Teetaika","isPartOf":{"@id":"https:\/\/www.jonhaataja.com\/teetaika\/#website"},"primaryImageOfPage":{"@id":"https:\/\/www.jonhaataja.com\/teetaika\/tuote\/vaniljainen-mustatee\/#primaryimage"},"image":{"@id":"https:\/\/www.jonhaataja.com\/teetaika\/tuote\/vaniljainen-mustatee\/#primaryimage"},"thumbnailUrl":"https:\/\/www.jonhaataja.com\/teetaika\/wp-content\/uploads\/sites\/3\/2024\/07\/teetaika-vaniljainen-mustatee-700x700-1.png","datePublished":"2024-08-30T15:27:53+00:00","dateModified":"2024-08-30T19:21:21+00:00","breadcrumb":{"@id":"https:\/\/www.jonhaataja.com\/teetaika\/tuote\/vaniljainen-mustatee\/#breadcrumb"},"inLanguage":"fi","potentialAction":[{"@type":"ReadAction","target":["https:\/\/www.jonhaataja.com\/teetaika\/tuote\/vaniljainen-mustatee\/"]}]},{"@type":"ImageObject","inLanguage":"fi","@id":"https:\/\/www.jonhaataja.com\/teetaika\/tuote\/vaniljainen-mustatee\/#primaryimage","url":"https:\/\/www.jonhaataja.com\/teetaika\/wp-content\/uploads\/sites\/3\/2024\/07\/teetaika-vaniljainen-mustatee-700x700-1.png","contentUrl":"https:\/\/www.jonhaataja.com\/teetaika\/wp-content\/uploads\/sites\/3\/2024\/07\/teetaika-vaniljainen-mustatee-700x700-1.png","width":708,"height":708},{"@type":"BreadcrumbList","@id":"https:\/\/www.jonhaataja.com\/teetaika\/tuote\/vaniljainen-mustatee\/#breadcrumb","itemListElement":[{"@type":"ListItem","position":1,"name":"Etusivu","item":"https:\/\/www.jonhaataja.com\/teetaika\/"},{"@type":"ListItem","position":2,"name":"Tuotteet","item":"https:\/\/www.jonhaataja.com\/teetaika\/kauppa\/"},{"@type":"ListItem","position":3,"name":"Vaniljainen mustatee"}]},{"@type":"WebSite","@id":"https:\/\/www.jonhaataja.com\/teetaika\/#website","url":"https:\/\/www.jonhaataja.com\/teetaika\/","name":"Teetaika","description":"Teetaika on kuvitteellinen, hienoihin luomuteesekoituksiin erikoistunut teehuoneyritys.","potentialAction":[{"@type":"SearchAction","target":{"@type":"EntryPoint","urlTemplate":"https:\/\/www.jonhaataja.com\/teetaika\/?s={search_term_string}"},"query-input":{"@type":"PropertyValueSpecification","valueRequired":true,"valueName":"search_term_string"}}],"inLanguage":"fi"}]}},"uagb_featured_image_src":{"full":["https:\/\/www.jonhaataja.com\/teetaika\/wp-content\/uploads\/sites\/3\/2024\/07\/teetaika-vaniljainen-mustatee-700x700-1.png",708,708,false],"thumbnail":["https:\/\/www.jonhaataja.com\/teetaika\/wp-content\/uploads\/sites\/3\/2024\/07\/teetaika-vaniljainen-mustatee-700x700-1-150x150.png",150,150,true],"medium":["https:\/\/www.jonhaataja.com\/teetaika\/wp-content\/uploads\/sites\/3\/2024\/07\/teetaika-vaniljainen-mustatee-700x700-1-300x300.png",300,300,true],"medium_large":["https:\/\/www.jonhaataja.com\/teetaika\/wp-content\/uploads\/sites\/3\/2024\/07\/teetaika-vaniljainen-mustatee-700x700-1.png",708,708,false],"large":["https:\/\/www.jonhaataja.com\/teetaika\/wp-content\/uploads\/sites\/3\/2024\/07\/teetaika-vaniljainen-mustatee-700x700-1.png",708,708,false],"1536x1536":["https:\/\/www.jonhaataja.com\/teetaika\/wp-content\/uploads\/sites\/3\/2024\/07\/teetaika-vaniljainen-mustatee-700x700-1.png",708,708,false],"2048x2048":["https:\/\/www.jonhaataja.com\/teetaika\/wp-content\/uploads\/sites\/3\/2024\/07\/teetaika-vaniljainen-mustatee-700x700-1.png",708,708,false],"woocommerce_thumbnail":["https:\/\/www.jonhaataja.com\/teetaika\/wp-content\/uploads\/sites\/3\/2024\/07\/teetaika-vaniljainen-mustatee-700x700-1-300x300.png",300,300,true],"woocommerce_single":["https:\/\/www.jonhaataja.com\/teetaika\/wp-content\/uploads\/sites\/3\/2024\/07\/teetaika-vaniljainen-mustatee-700x700-1-600x600.png",600,600,true],"woocommerce_gallery_thumbnail":["https:\/\/www.jonhaataja.com\/teetaika\/wp-content\/uploads\/sites\/3\/2024\/07\/teetaika-vaniljainen-mustatee-700x700-1-100x100.png",100,100,true]},"uagb_author_info":{"display_name":"Jon Haataja","author_link":"https:\/\/www.jonhaataja.com\/teetaika\/author\/"},"uagb_comment_info":0,"uagb_excerpt":"Huolella valikoitu musta tee on per\u00e4isin er\u00e4\u00e4lt\u00e4 maailman tunnetuimmalta luomuteen tuotantotilalta Etel\u00e4-Intiasta, mik\u00e4 takaa parhaanmahdollisen laadun ja maun. Vanilja, joka antaa sekoitukselle sen ainutlaatuisen maun, on korkealaatuista ja eettisesti tuotettua. T\u00e4m\u00e4 sekoitus on tehty ilman keinotekoisia makuaineita, joten voit nauttia aidosta ja puhtaasta teekokemuksesta.","_links":{"self":[{"href":"https:\/\/www.jonhaataja.com\/teetaika\/wp-json\/wp\/v2\/product\/1084","targetHints":{"allow":["GET"]}}],"collection":[{"href":"https:\/\/www.jonhaataja.com\/teetaika\/wp-json\/wp\/v2\/product"}],"about":[{"href":"https:\/\/www.jonhaataja.com\/teetaika\/wp-json\/wp\/v2\/types\/product"}],"replies":[{"embeddable":true,"href":"https:\/\/www.jonhaataja.com\/teetaika\/wp-json\/wp\/v2\/comments?post=1084"}],"wp:featuredmedia":[{"embeddable":true,"href":"https:\/\/www.jonhaataja.com\/teetaika\/wp-json\/wp\/v2\/media\/452"}],"wp:attachment":[{"href":"https:\/\/www.jonhaataja.com\/teetaika\/wp-json\/wp\/v2\/media?parent=1084"}],"wp:term":[{"taxonomy":"product_brand","embeddable":true,"href":"https:\/\/www.jonhaataja.com\/teetaika\/wp-json\/wp\/v2\/product_brand?post=1084"},{"taxonomy":"product_cat","embeddable":true,"href":"https:\/\/www.jonhaataja.com\/teetaika\/wp-json\/wp\/v2\/product_cat?post=1084"},{"taxonomy":"product_tag","embeddable":true,"href":"https:\/\/www.jonhaataja.com\/teetaika\/wp-json\/wp\/v2\/product_tag?post=1084"}],"curies":[{"name":"wp","href":"https:\/\/api.w.org\/{rel}","templated":true}]}}