{"id":1095,"date":"2024-08-30T18:52:27","date_gmt":"2024-08-30T15:52:27","guid":{"rendered":"https:\/\/www.jonhaataja.com\/teetaika\/?post_type=product&#038;p=1095"},"modified":"2024-08-30T22:18:04","modified_gmt":"2024-08-30T19:18:04","slug":"sitruuna-oolong-tee","status":"publish","type":"product","link":"https:\/\/www.jonhaataja.com\/teetaika\/tuote\/sitruuna-oolong-tee\/","title":{"rendered":"Sitruuna oolong-tee"},"content":{"rendered":"<h3>Pirte\u00e4\u00e4 ja raikasta<\/h3>\n<p>Huolella valikoitu oolong-tee on per\u00e4isin er\u00e4\u00e4lt\u00e4 maailman tunnetuimmilta luomuteentuotantotilalta Kiinasta, mik\u00e4 takaa parhaan mahdollisen laadun ja maun. T\u00e4m\u00e4 sekoitus tarjoaa oolong-teen hienostuneen maun ja sitruunan pirte\u00e4n raikkauden harmonisessa kokonaisuudessa, joka her\u00e4tt\u00e4\u00e4 aistit ja virkist\u00e4\u00e4 mielt\u00e4.<\/p>\n<h3>Monipuolinen oolong-tee<\/h3>\n<p>Sitruuna oolong-tee yhdist\u00e4\u00e4 oolong-teen lempe\u00e4n ja hieman kermamaisen maun sitruunan raikkaaseen ja kevyesti hapokkaaseen vivahteeseen. T\u00e4m\u00e4 t\u00e4ydellinen yhdistelm\u00e4 luo pirist\u00e4v\u00e4n ja monipuolisen makuel\u00e4myksen, joka sopii niin aamuun kuin iltap\u00e4iv\u00e4\u00e4n.<\/p>\n<p>Sekoituksessa k\u00e4ytetty sitruuna on per\u00e4isin tuoreista ja laadukkaista sitruunoista, jotka antavat teelle luonnollisen ja raikkaan maun ilman keinotekoisia aromeja.<\/p>\n<p>Oolong-teell\u00e4 on tunnetusti monia terveysvaikutuksia, kuten aineenvaihdunnan tehostaminen ja antioksidanttien tarjoama suoja. Sitruuna tuo mukaan C-vitamiinia, joka edist\u00e4\u00e4 immuunij\u00e4rjestelm\u00e4n toimintaa ja yleist\u00e4 hyvinvointia.<\/p>\n<p>Sitruuna oolong-tee on monipuolinen ja sopii erinomaisesti sellaisenaan nautittavaksi tai makeutettuna hunajalla. T\u00e4m\u00e4 tee on my\u00f6s loistava valinta j\u00e4\u00e4teen\u00e4, jolloin sen raikas sitruunan maku p\u00e4\u00e4see todella oikeuksiinsa. Kokeile lis\u00e4t\u00e4 my\u00f6s tuoreita sitruunaviipaleita saadaksesi intensiivisemm\u00e4n sitruksisen maun.<\/p>\n<h3>Pakkaus ja s\u00e4ilytys<\/h3>\n<p>Sitruuna oolong-teemme on pakattu kierr\u00e4tett\u00e4v\u00e4\u00e4n ja ymp\u00e4rist\u00f6yst\u00e4v\u00e4lliseen materiaaliin, joka s\u00e4ilytt\u00e4\u00e4 teen tuoreuden ja maun. S\u00e4ilyt\u00e4 tee viile\u00e4ss\u00e4 ja kuivassa paikassa, valolta suojattuna, jotta voit nauttia sen parhaista ominaisuuksista pitk\u00e4\u00e4n.<\/p>\n<h3>Valmistusohjeet<\/h3>\n<p>Hauduta 2-4 minuuttia.<br \/>\nVeden l\u00e4mp\u00f6tila: 90 \u00b0C.<br \/>\nM\u00e4\u00e4r\u00e4: 12-15 g\/l<\/p>\n","protected":false},"excerpt":{"rendered":"<p>Huolella valikoitu oolong-tee on per\u00e4isin er\u00e4\u00e4lt\u00e4 maailman tunnetuimmilta luomuteentuotantotilalta Kiinasta, mik\u00e4 takaa parhaan mahdollisen laadun ja maun. T\u00e4m\u00e4 sekoitus tarjoaa oolong-teen hienostuneen maun ja sitruunan pirte\u00e4n raikkauden harmonisessa kokonaisuudessa, joka her\u00e4tt\u00e4\u00e4 aistit ja virkist\u00e4\u00e4 mielt\u00e4.<\/p>\n","protected":false},"featured_media":519,"comment_status":"open","ping_status":"closed","template":"","meta":{"_acf_changed":false,"inline_featured_image":false,"_uag_custom_page_level_css":""},"product_brand":[],"product_cat":[44,46,15],"product_tag":[],"class_list":{"0":"post-1095","1":"product","2":"type-product","3":"status-publish","4":"has-post-thumbnail","6":"product_cat-irtoteet","7":"product_cat-oolong-tee","8":"product_cat-tuotteet","9":"pa_alkuperamaa-kiina","10":"pa_kofeiinimaara-medium","11":"pa_pakkauskoko-100-g","12":"pa_pakkauskoko-150-g","13":"pa_pakkauskoko-200-g","15":"first","16":"instock","17":"shipping-taxable","18":"purchasable","19":"product-type-variable"},"acf":[],"yoast_head":"<!-- This site is optimized with the Yoast SEO plugin v27.4 - https:\/\/yoast.com\/product\/yoast-seo-wordpress\/ -->\n<title>Sitruuna oolong-tee - Teetaika<\/title>\n<meta name=\"robots\" content=\"index, follow, max-snippet:-1, max-image-preview:large, max-video-preview:-1\" \/>\n<link rel=\"canonical\" href=\"https:\/\/www.jonhaataja.com\/teetaika\/tuote\/sitruuna-oolong-tee\/\" \/>\n<meta property=\"og:locale\" content=\"fi_FI\" \/>\n<meta property=\"og:type\" content=\"article\" \/>\n<meta property=\"og:title\" content=\"Sitruuna oolong-tee - Teetaika\" \/>\n<meta property=\"og:description\" content=\"Huolella valikoitu oolong-tee on per\u00e4isin er\u00e4\u00e4lt\u00e4 maailman tunnetuimmilta luomuteentuotantotilalta Kiinasta, mik\u00e4 takaa parhaan mahdollisen laadun ja maun. T\u00e4m\u00e4 sekoitus tarjoaa oolong-teen hienostuneen maun ja sitruunan pirte\u00e4n raikkauden harmonisessa kokonaisuudessa, joka her\u00e4tt\u00e4\u00e4 aistit ja virkist\u00e4\u00e4 mielt\u00e4.\" \/>\n<meta property=\"og:url\" content=\"https:\/\/www.jonhaataja.com\/teetaika\/tuote\/sitruuna-oolong-tee\/\" \/>\n<meta property=\"og:site_name\" content=\"Teetaika\" \/>\n<meta property=\"article:modified_time\" content=\"2024-08-30T19:18:04+00:00\" \/>\n<meta property=\"og:image\" content=\"https:\/\/www.jonhaataja.com\/teetaika\/wp-content\/uploads\/sites\/3\/2024\/08\/teetaika-sitruuna-oolong-700x700-1.png\" \/>\n\t<meta property=\"og:image:width\" content=\"708\" \/>\n\t<meta property=\"og:image:height\" content=\"708\" \/>\n\t<meta property=\"og:image:type\" content=\"image\/png\" \/>\n<meta name=\"twitter:card\" content=\"summary_large_image\" \/>\n<meta name=\"twitter:label1\" content=\"Arvioitu lukuaika\" \/>\n\t<meta name=\"twitter:data1\" content=\"2 minuuttia\" \/>\n<script type=\"application\/ld+json\" class=\"yoast-schema-graph\">{\"@context\":\"https:\\\/\\\/schema.org\",\"@graph\":[{\"@type\":\"WebPage\",\"@id\":\"https:\\\/\\\/www.jonhaataja.com\\\/teetaika\\\/tuote\\\/sitruuna-oolong-tee\\\/\",\"url\":\"https:\\\/\\\/www.jonhaataja.com\\\/teetaika\\\/tuote\\\/sitruuna-oolong-tee\\\/\",\"name\":\"Sitruuna oolong-tee - Teetaika\",\"isPartOf\":{\"@id\":\"https:\\\/\\\/www.jonhaataja.com\\\/teetaika\\\/#website\"},\"primaryImageOfPage\":{\"@id\":\"https:\\\/\\\/www.jonhaataja.com\\\/teetaika\\\/tuote\\\/sitruuna-oolong-tee\\\/#primaryimage\"},\"image\":{\"@id\":\"https:\\\/\\\/www.jonhaataja.com\\\/teetaika\\\/tuote\\\/sitruuna-oolong-tee\\\/#primaryimage\"},\"thumbnailUrl\":\"https:\\\/\\\/www.jonhaataja.com\\\/teetaika\\\/wp-content\\\/uploads\\\/sites\\\/3\\\/2024\\\/08\\\/teetaika-sitruuna-oolong-700x700-1.png\",\"datePublished\":\"2024-08-30T15:52:27+00:00\",\"dateModified\":\"2024-08-30T19:18:04+00:00\",\"breadcrumb\":{\"@id\":\"https:\\\/\\\/www.jonhaataja.com\\\/teetaika\\\/tuote\\\/sitruuna-oolong-tee\\\/#breadcrumb\"},\"inLanguage\":\"fi\",\"potentialAction\":[{\"@type\":\"ReadAction\",\"target\":[\"https:\\\/\\\/www.jonhaataja.com\\\/teetaika\\\/tuote\\\/sitruuna-oolong-tee\\\/\"]}]},{\"@type\":\"ImageObject\",\"inLanguage\":\"fi\",\"@id\":\"https:\\\/\\\/www.jonhaataja.com\\\/teetaika\\\/tuote\\\/sitruuna-oolong-tee\\\/#primaryimage\",\"url\":\"https:\\\/\\\/www.jonhaataja.com\\\/teetaika\\\/wp-content\\\/uploads\\\/sites\\\/3\\\/2024\\\/08\\\/teetaika-sitruuna-oolong-700x700-1.png\",\"contentUrl\":\"https:\\\/\\\/www.jonhaataja.com\\\/teetaika\\\/wp-content\\\/uploads\\\/sites\\\/3\\\/2024\\\/08\\\/teetaika-sitruuna-oolong-700x700-1.png\",\"width\":708,\"height\":708},{\"@type\":\"BreadcrumbList\",\"@id\":\"https:\\\/\\\/www.jonhaataja.com\\\/teetaika\\\/tuote\\\/sitruuna-oolong-tee\\\/#breadcrumb\",\"itemListElement\":[{\"@type\":\"ListItem\",\"position\":1,\"name\":\"Etusivu\",\"item\":\"https:\\\/\\\/www.jonhaataja.com\\\/teetaika\\\/\"},{\"@type\":\"ListItem\",\"position\":2,\"name\":\"Tuotteet\",\"item\":\"https:\\\/\\\/www.jonhaataja.com\\\/teetaika\\\/kauppa\\\/\"},{\"@type\":\"ListItem\",\"position\":3,\"name\":\"Sitruuna oolong-tee\"}]},{\"@type\":\"WebSite\",\"@id\":\"https:\\\/\\\/www.jonhaataja.com\\\/teetaika\\\/#website\",\"url\":\"https:\\\/\\\/www.jonhaataja.com\\\/teetaika\\\/\",\"name\":\"Teetaika\",\"description\":\"Teetaika on kuvitteellinen, hienoihin luomuteesekoituksiin erikoistunut teehuoneyritys.\",\"potentialAction\":[{\"@type\":\"SearchAction\",\"target\":{\"@type\":\"EntryPoint\",\"urlTemplate\":\"https:\\\/\\\/www.jonhaataja.com\\\/teetaika\\\/?s={search_term_string}\"},\"query-input\":{\"@type\":\"PropertyValueSpecification\",\"valueRequired\":true,\"valueName\":\"search_term_string\"}}],\"inLanguage\":\"fi\"}]}<\/script>\n<!-- \/ Yoast SEO plugin. -->","yoast_head_json":{"title":"Sitruuna oolong-tee - Teetaika","robots":{"index":"index","follow":"follow","max-snippet":"max-snippet:-1","max-image-preview":"max-image-preview:large","max-video-preview":"max-video-preview:-1"},"canonical":"https:\/\/www.jonhaataja.com\/teetaika\/tuote\/sitruuna-oolong-tee\/","og_locale":"fi_FI","og_type":"article","og_title":"Sitruuna oolong-tee - Teetaika","og_description":"Huolella valikoitu oolong-tee on per\u00e4isin er\u00e4\u00e4lt\u00e4 maailman tunnetuimmilta luomuteentuotantotilalta Kiinasta, mik\u00e4 takaa parhaan mahdollisen laadun ja maun. T\u00e4m\u00e4 sekoitus tarjoaa oolong-teen hienostuneen maun ja sitruunan pirte\u00e4n raikkauden harmonisessa kokonaisuudessa, joka her\u00e4tt\u00e4\u00e4 aistit ja virkist\u00e4\u00e4 mielt\u00e4.","og_url":"https:\/\/www.jonhaataja.com\/teetaika\/tuote\/sitruuna-oolong-tee\/","og_site_name":"Teetaika","article_modified_time":"2024-08-30T19:18:04+00:00","og_image":[{"width":708,"height":708,"url":"https:\/\/www.jonhaataja.com\/teetaika\/wp-content\/uploads\/sites\/3\/2024\/08\/teetaika-sitruuna-oolong-700x700-1.png","type":"image\/png"}],"twitter_card":"summary_large_image","twitter_misc":{"Arvioitu lukuaika":"2 minuuttia"},"schema":{"@context":"https:\/\/schema.org","@graph":[{"@type":"WebPage","@id":"https:\/\/www.jonhaataja.com\/teetaika\/tuote\/sitruuna-oolong-tee\/","url":"https:\/\/www.jonhaataja.com\/teetaika\/tuote\/sitruuna-oolong-tee\/","name":"Sitruuna oolong-tee - Teetaika","isPartOf":{"@id":"https:\/\/www.jonhaataja.com\/teetaika\/#website"},"primaryImageOfPage":{"@id":"https:\/\/www.jonhaataja.com\/teetaika\/tuote\/sitruuna-oolong-tee\/#primaryimage"},"image":{"@id":"https:\/\/www.jonhaataja.com\/teetaika\/tuote\/sitruuna-oolong-tee\/#primaryimage"},"thumbnailUrl":"https:\/\/www.jonhaataja.com\/teetaika\/wp-content\/uploads\/sites\/3\/2024\/08\/teetaika-sitruuna-oolong-700x700-1.png","datePublished":"2024-08-30T15:52:27+00:00","dateModified":"2024-08-30T19:18:04+00:00","breadcrumb":{"@id":"https:\/\/www.jonhaataja.com\/teetaika\/tuote\/sitruuna-oolong-tee\/#breadcrumb"},"inLanguage":"fi","potentialAction":[{"@type":"ReadAction","target":["https:\/\/www.jonhaataja.com\/teetaika\/tuote\/sitruuna-oolong-tee\/"]}]},{"@type":"ImageObject","inLanguage":"fi","@id":"https:\/\/www.jonhaataja.com\/teetaika\/tuote\/sitruuna-oolong-tee\/#primaryimage","url":"https:\/\/www.jonhaataja.com\/teetaika\/wp-content\/uploads\/sites\/3\/2024\/08\/teetaika-sitruuna-oolong-700x700-1.png","contentUrl":"https:\/\/www.jonhaataja.com\/teetaika\/wp-content\/uploads\/sites\/3\/2024\/08\/teetaika-sitruuna-oolong-700x700-1.png","width":708,"height":708},{"@type":"BreadcrumbList","@id":"https:\/\/www.jonhaataja.com\/teetaika\/tuote\/sitruuna-oolong-tee\/#breadcrumb","itemListElement":[{"@type":"ListItem","position":1,"name":"Etusivu","item":"https:\/\/www.jonhaataja.com\/teetaika\/"},{"@type":"ListItem","position":2,"name":"Tuotteet","item":"https:\/\/www.jonhaataja.com\/teetaika\/kauppa\/"},{"@type":"ListItem","position":3,"name":"Sitruuna oolong-tee"}]},{"@type":"WebSite","@id":"https:\/\/www.jonhaataja.com\/teetaika\/#website","url":"https:\/\/www.jonhaataja.com\/teetaika\/","name":"Teetaika","description":"Teetaika on kuvitteellinen, hienoihin luomuteesekoituksiin erikoistunut teehuoneyritys.","potentialAction":[{"@type":"SearchAction","target":{"@type":"EntryPoint","urlTemplate":"https:\/\/www.jonhaataja.com\/teetaika\/?s={search_term_string}"},"query-input":{"@type":"PropertyValueSpecification","valueRequired":true,"valueName":"search_term_string"}}],"inLanguage":"fi"}]}},"uagb_featured_image_src":{"full":["https:\/\/www.jonhaataja.com\/teetaika\/wp-content\/uploads\/sites\/3\/2024\/08\/teetaika-sitruuna-oolong-700x700-1.png",708,708,false],"thumbnail":["https:\/\/www.jonhaataja.com\/teetaika\/wp-content\/uploads\/sites\/3\/2024\/08\/teetaika-sitruuna-oolong-700x700-1-150x150.png",150,150,true],"medium":["https:\/\/www.jonhaataja.com\/teetaika\/wp-content\/uploads\/sites\/3\/2024\/08\/teetaika-sitruuna-oolong-700x700-1-300x300.png",300,300,true],"medium_large":["https:\/\/www.jonhaataja.com\/teetaika\/wp-content\/uploads\/sites\/3\/2024\/08\/teetaika-sitruuna-oolong-700x700-1.png",708,708,false],"large":["https:\/\/www.jonhaataja.com\/teetaika\/wp-content\/uploads\/sites\/3\/2024\/08\/teetaika-sitruuna-oolong-700x700-1.png",708,708,false],"1536x1536":["https:\/\/www.jonhaataja.com\/teetaika\/wp-content\/uploads\/sites\/3\/2024\/08\/teetaika-sitruuna-oolong-700x700-1.png",708,708,false],"2048x2048":["https:\/\/www.jonhaataja.com\/teetaika\/wp-content\/uploads\/sites\/3\/2024\/08\/teetaika-sitruuna-oolong-700x700-1.png",708,708,false],"woocommerce_thumbnail":["https:\/\/www.jonhaataja.com\/teetaika\/wp-content\/uploads\/sites\/3\/2024\/08\/teetaika-sitruuna-oolong-700x700-1-300x300.png",300,300,true],"woocommerce_single":["https:\/\/www.jonhaataja.com\/teetaika\/wp-content\/uploads\/sites\/3\/2024\/08\/teetaika-sitruuna-oolong-700x700-1-600x600.png",600,600,true],"woocommerce_gallery_thumbnail":["https:\/\/www.jonhaataja.com\/teetaika\/wp-content\/uploads\/sites\/3\/2024\/08\/teetaika-sitruuna-oolong-700x700-1-100x100.png",100,100,true]},"uagb_author_info":{"display_name":"Jon Haataja","author_link":"https:\/\/www.jonhaataja.com\/teetaika\/author\/"},"uagb_comment_info":0,"uagb_excerpt":"Huolella valikoitu oolong-tee on per\u00e4isin er\u00e4\u00e4lt\u00e4 maailman tunnetuimmilta luomuteentuotantotilalta Kiinasta, mik\u00e4 takaa parhaan mahdollisen laadun ja maun. T\u00e4m\u00e4 sekoitus tarjoaa oolong-teen hienostuneen maun ja sitruunan pirte\u00e4n raikkauden harmonisessa kokonaisuudessa, joka her\u00e4tt\u00e4\u00e4 aistit ja virkist\u00e4\u00e4 mielt\u00e4.","_links":{"self":[{"href":"https:\/\/www.jonhaataja.com\/teetaika\/wp-json\/wp\/v2\/product\/1095","targetHints":{"allow":["GET"]}}],"collection":[{"href":"https:\/\/www.jonhaataja.com\/teetaika\/wp-json\/wp\/v2\/product"}],"about":[{"href":"https:\/\/www.jonhaataja.com\/teetaika\/wp-json\/wp\/v2\/types\/product"}],"replies":[{"embeddable":true,"href":"https:\/\/www.jonhaataja.com\/teetaika\/wp-json\/wp\/v2\/comments?post=1095"}],"wp:featuredmedia":[{"embeddable":true,"href":"https:\/\/www.jonhaataja.com\/teetaika\/wp-json\/wp\/v2\/media\/519"}],"wp:attachment":[{"href":"https:\/\/www.jonhaataja.com\/teetaika\/wp-json\/wp\/v2\/media?parent=1095"}],"wp:term":[{"taxonomy":"product_brand","embeddable":true,"href":"https:\/\/www.jonhaataja.com\/teetaika\/wp-json\/wp\/v2\/product_brand?post=1095"},{"taxonomy":"product_cat","embeddable":true,"href":"https:\/\/www.jonhaataja.com\/teetaika\/wp-json\/wp\/v2\/product_cat?post=1095"},{"taxonomy":"product_tag","embeddable":true,"href":"https:\/\/www.jonhaataja.com\/teetaika\/wp-json\/wp\/v2\/product_tag?post=1095"}],"curies":[{"name":"wp","href":"https:\/\/api.w.org\/{rel}","templated":true}]}}